{"id":39,"date":"2018-11-13T17:37:48","date_gmt":"2018-11-13T17:37:48","guid":{"rendered":"http:\/\/viki.is\/?page_id=39"},"modified":"2023-10-08T14:14:32","modified_gmt":"2023-10-08T14:14:32","slug":"i-stuttu-mali","status":"publish","type":"page","link":"https:\/\/viki.is\/","title":{"rendered":""},"content":{"rendered":"\t\t<div data-elementor-type=\"wp-page\" data-elementor-id=\"39\" class=\"elementor elementor-39\">\n\t\t\t\t\t\t<section class=\"elementor-section elementor-top-section elementor-element elementor-element-3883da0 elementor-section-height-full elementor-section-content-bottom elementor-section-boxed elementor-section-height-default elementor-section-items-middle\" data-id=\"3883da0\" data-element_type=\"section\" data-e-type=\"section\" data-settings=\"{&quot;background_background&quot;:&quot;slideshow&quot;,&quot;background_slideshow_gallery&quot;:[{&quot;id&quot;:19,&quot;url&quot;:&quot;http:\\\/\\\/viki.is\\\/wp-content\\\/uploads\\\/2018\\\/11\\\/6671731.jpg&quot;}],&quot;background_slideshow_loop&quot;:&quot;yes&quot;,&quot;background_slideshow_slide_duration&quot;:5000,&quot;background_slideshow_slide_transition&quot;:&quot;fade&quot;,&quot;background_slideshow_transition_duration&quot;:500}\">\n\t\t\t\t\t\t<div class=\"elementor-container elementor-column-gap-default\">\n\t\t\t\t\t<div class=\"elementor-column elementor-col-100 elementor-top-column elementor-element elementor-element-13f17be\" data-id=\"13f17be\" data-element_type=\"column\" data-e-type=\"column\">\n\t\t\t<div class=\"elementor-widget-wrap elementor-element-populated\">\n\t\t\t\t\t\t<div class=\"elementor-element elementor-element-3110a91 elementor-widget elementor-widget-spacer\" data-id=\"3110a91\" data-element_type=\"widget\" data-e-type=\"widget\" data-widget_type=\"spacer.default\">\n\t\t\t\t<div class=\"elementor-widget-container\">\n\t\t\t\t\t\t\t<div class=\"elementor-spacer\">\n\t\t\t<div class=\"elementor-spacer-inner\"><\/div>\n\t\t<\/div>\n\t\t\t\t\t\t<\/div>\n\t\t\t\t<\/div>\n\t\t\t\t<div class=\"elementor-element elementor-element-d6cca78 elementor-widget elementor-widget-image\" data-id=\"d6cca78\" data-element_type=\"widget\" data-e-type=\"widget\" data-widget_type=\"image.default\">\n\t\t\t\t<div class=\"elementor-widget-container\">\n\t\t\t\t\t\t\t\t\t\t\t\t\t\t\t<img fetchpriority=\"high\" decoding=\"async\" width=\"800\" height=\"413\" src=\"https:\/\/viki.is\/wp-content\/uploads\/2023\/01\/Group-17-1024x528.png\" class=\"attachment-large size-large wp-image-134\" alt=\"\" srcset=\"https:\/\/viki.is\/wp-content\/uploads\/2023\/01\/Group-17-1024x528.png 1024w, https:\/\/viki.is\/wp-content\/uploads\/2023\/01\/Group-17-300x155.png 300w, https:\/\/viki.is\/wp-content\/uploads\/2023\/01\/Group-17-768x396.png 768w, https:\/\/viki.is\/wp-content\/uploads\/2023\/01\/Group-17-1536x792.png 1536w, https:\/\/viki.is\/wp-content\/uploads\/2023\/01\/Group-17.png 1741w\" sizes=\"(max-width: 800px) 100vw, 800px\" \/>\t\t\t\t\t\t\t\t\t\t\t\t\t\t\t<\/div>\n\t\t\t\t<\/div>\n\t\t\t\t\t<\/div>\n\t\t<\/div>\n\t\t\t\t\t<\/div>\n\t\t<\/section>\n\t\t\t\t<section class=\"elementor-section elementor-top-section elementor-element elementor-element-dda15f9 elementor-section-boxed elementor-section-height-default elementor-section-height-default\" data-id=\"dda15f9\" data-element_type=\"section\" data-e-type=\"section\">\n\t\t\t\t\t\t<div class=\"elementor-container elementor-column-gap-default\">\n\t\t\t\t\t<div class=\"elementor-column elementor-col-50 elementor-top-column elementor-element elementor-element-b0b064f\" data-id=\"b0b064f\" data-element_type=\"column\" data-e-type=\"column\">\n\t\t\t<div class=\"elementor-widget-wrap elementor-element-populated\">\n\t\t\t\t\t\t<div class=\"elementor-element elementor-element-3baf9d6 elementor-widget elementor-widget-image\" data-id=\"3baf9d6\" data-element_type=\"widget\" data-e-type=\"widget\" data-widget_type=\"image.default\">\n\t\t\t\t<div class=\"elementor-widget-container\">\n\t\t\t\t\t\t\t\t\t\t\t\t\t\t\t<img decoding=\"async\" width=\"800\" height=\"92\" src=\"https:\/\/viki.is\/wp-content\/uploads\/2023\/01\/I\u0301-STUTTU-MA\u0301LI-1024x118.png\" class=\"attachment-large size-large wp-image-100\" alt=\"\" srcset=\"https:\/\/viki.is\/wp-content\/uploads\/2023\/01\/I\u0301-STUTTU-MA\u0301LI-1024x118.png 1024w, https:\/\/viki.is\/wp-content\/uploads\/2023\/01\/I\u0301-STUTTU-MA\u0301LI-300x35.png 300w, https:\/\/viki.is\/wp-content\/uploads\/2023\/01\/I\u0301-STUTTU-MA\u0301LI-768x88.png 768w, https:\/\/viki.is\/wp-content\/uploads\/2023\/01\/I\u0301-STUTTU-MA\u0301LI.png 1181w\" sizes=\"(max-width: 800px) 100vw, 800px\" \/>\t\t\t\t\t\t\t\t\t\t\t\t\t\t\t<\/div>\n\t\t\t\t<\/div>\n\t\t\t\t\t<\/div>\n\t\t<\/div>\n\t\t\t\t<div class=\"elementor-column elementor-col-50 elementor-top-column elementor-element elementor-element-3b6b96f\" data-id=\"3b6b96f\" data-element_type=\"column\" data-e-type=\"column\">\n\t\t\t<div class=\"elementor-widget-wrap elementor-element-populated\">\n\t\t\t\t\t\t<div class=\"elementor-element elementor-element-6cefa3c elementor-widget elementor-widget-text-editor\" data-id=\"6cefa3c\" data-element_type=\"widget\" data-e-type=\"widget\" data-widget_type=\"text-editor.default\">\n\t\t\t\t<div class=\"elementor-widget-container\">\n\t\t\t\t\t\t\t\t\t<p>Viki ehf. veitir r\u00e1\u00f0gj\u00f6f \u00e1 v\u00ed\u00f0t\u00e6ku svi\u00f0i uppl\u00fdsingat\u00e6kni. Allt fr\u00e1 stefnum\u00f3tun til h\u00f6gunar t\u00e6knilausna (s.s. \u00f6ryggis-, net-, gagna-, vinnsluh\u00f6gun), stj\u00f3rnkerfi uppl\u00fdsinga\u00f6ryggis og \u00e1h\u00e6ttugreiningu og a\u00f0 \u00fatbo\u00f0i e\u00f0a kaupum \u00e1 lausnum.<\/p>\n<p>Starfsmenn Vika hafa \u00e1ralanga reynslu af r\u00e1\u00f0gj\u00f6f \u00e1 \u00feessum svi\u00f0um. Vi\u00f0 h\u00f6fum starfa\u00f0 \u00e1 \u00cdslandi og \u00ed nokkrum l\u00f6ndum Evr\u00f3pu sem r\u00e1\u00f0gjafar fr\u00e1 \u00e1rinu 1997.<\/p>\t\t\t\t\t\t\t\t<\/div>\n\t\t\t\t<\/div>\n\t\t\t\t\t<\/div>\n\t\t<\/div>\n\t\t\t\t\t<\/div>\n\t\t<\/section>\n\t\t\t\t<section class=\"elementor-section elementor-top-section elementor-element elementor-element-1f4abb3 elementor-section-full_width elementor-section-height-default elementor-section-height-default\" data-id=\"1f4abb3\" data-element_type=\"section\" data-e-type=\"section\" data-settings=\"{&quot;background_background&quot;:&quot;classic&quot;}\">\n\t\t\t\t\t\t<div class=\"elementor-container elementor-column-gap-default\">\n\t\t\t\t\t<div class=\"elementor-column elementor-col-50 elementor-top-column elementor-element elementor-element-f8171d0\" data-id=\"f8171d0\" data-element_type=\"column\" data-e-type=\"column\">\n\t\t\t<div class=\"elementor-widget-wrap elementor-element-populated\">\n\t\t\t\t\t\t<div class=\"elementor-element elementor-element-d3b3111 elementor-widget elementor-widget-image\" data-id=\"d3b3111\" data-element_type=\"widget\" data-e-type=\"widget\" data-widget_type=\"image.default\">\n\t\t\t\t<div class=\"elementor-widget-container\">\n\t\t\t\t\t\t\t\t\t\t\t\t\t\t\t<img decoding=\"async\" width=\"800\" height=\"645\" src=\"https:\/\/viki.is\/wp-content\/uploads\/2023\/01\/Sygnet-White-1024x825.png\" class=\"attachment-large size-large wp-image-144\" alt=\"\" srcset=\"https:\/\/viki.is\/wp-content\/uploads\/2023\/01\/Sygnet-White-1024x825.png 1024w, https:\/\/viki.is\/wp-content\/uploads\/2023\/01\/Sygnet-White-300x242.png 300w, https:\/\/viki.is\/wp-content\/uploads\/2023\/01\/Sygnet-White-768x619.png 768w, https:\/\/viki.is\/wp-content\/uploads\/2023\/01\/Sygnet-White-1536x1237.png 1536w, https:\/\/viki.is\/wp-content\/uploads\/2023\/01\/Sygnet-White.png 1996w\" sizes=\"(max-width: 800px) 100vw, 800px\" \/>\t\t\t\t\t\t\t\t\t\t\t\t\t\t\t<\/div>\n\t\t\t\t<\/div>\n\t\t\t\t\t<\/div>\n\t\t<\/div>\n\t\t\t\t<div class=\"elementor-column elementor-col-50 elementor-top-column elementor-element elementor-element-f86190f\" data-id=\"f86190f\" data-element_type=\"column\" data-e-type=\"column\">\n\t\t\t<div class=\"elementor-widget-wrap elementor-element-populated\">\n\t\t\t\t\t\t<div class=\"elementor-element elementor-element-9a4f9ae elementor-widget elementor-widget-image\" data-id=\"9a4f9ae\" data-element_type=\"widget\" data-e-type=\"widget\" data-widget_type=\"image.default\">\n\t\t\t\t<div class=\"elementor-widget-container\">\n\t\t\t\t\t\t\t\t\t\t\t\t\t\t\t<img loading=\"lazy\" decoding=\"async\" width=\"788\" height=\"107\" src=\"https:\/\/viki.is\/wp-content\/uploads\/2023\/01\/samband-1.png\" class=\"attachment-large size-large wp-image-150\" alt=\"\" srcset=\"https:\/\/viki.is\/wp-content\/uploads\/2023\/01\/samband-1.png 788w, https:\/\/viki.is\/wp-content\/uploads\/2023\/01\/samband-1-300x41.png 300w, https:\/\/viki.is\/wp-content\/uploads\/2023\/01\/samband-1-768x104.png 768w\" sizes=\"(max-width: 788px) 100vw, 788px\" \/>\t\t\t\t\t\t\t\t\t\t\t\t\t\t\t<\/div>\n\t\t\t\t<\/div>\n\t\t\t\t<div class=\"elementor-element elementor-element-1832d55 elementor-widget elementor-widget-text-editor\" data-id=\"1832d55\" data-element_type=\"widget\" data-e-type=\"widget\" data-widget_type=\"text-editor.default\">\n\t\t\t\t<div class=\"elementor-widget-container\">\n\t\t\t\t\t\t\t\t\t<p>Hei\u00f0ar J\u00f3n Hannesson<\/p><p>heidar@viki.is<\/p>\t\t\t\t\t\t\t\t<\/div>\n\t\t\t\t<\/div>\n\t\t\t\t<div class=\"elementor-element elementor-element-58f450e elementor-widget elementor-widget-text-editor\" data-id=\"58f450e\" data-element_type=\"widget\" data-e-type=\"widget\" data-widget_type=\"text-editor.default\">\n\t\t\t\t<div class=\"elementor-widget-container\">\n\t\t\t\t\t\t\t\t\t<p>\u00a9Viki ehf. 2023<\/p>\t\t\t\t\t\t\t\t<\/div>\n\t\t\t\t<\/div>\n\t\t\t\t\t<\/div>\n\t\t<\/div>\n\t\t\t\t\t<\/div>\n\t\t<\/section>\n\t\t\t\t<\/div>\n\t\t","protected":false},"excerpt":{"rendered":"<p>Viki ehf. veitir r\u00e1\u00f0gj\u00f6f \u00e1 v\u00ed\u00f0t\u00e6ku svi\u00f0i uppl\u00fdsingat\u00e6kni. Allt fr\u00e1 stefnum\u00f3tun til h\u00f6gunar t\u00e6knilausna (s.s. \u00f6ryggis-, net-, gagna-, vinnsluh\u00f6gun), stj\u00f3rnkerfi uppl\u00fdsinga\u00f6ryggis og \u00e1h\u00e6ttugreiningu og a\u00f0 \u00fatbo\u00f0i e\u00f0a kaupum \u00e1 lausnum. Starfsmenn Vika hafa \u00e1ralanga reynslu af r\u00e1\u00f0gj\u00f6f \u00e1 \u00feessum svi\u00f0um. Vi\u00f0 h\u00f6fum starfa\u00f0 \u00e1 \u00cdslandi og \u00ed nokkrum l\u00f6ndum Evr\u00f3pu sem r\u00e1\u00f0gjafar fr\u00e1 \u00e1rinu 1997. [&hellip;]<\/p>\n","protected":false},"author":2,"featured_media":0,"parent":0,"menu_order":0,"comment_status":"closed","ping_status":"closed","template":"","meta":{"_monsterinsights_skip_tracking":false,"_monsterinsights_sitenote_active":false,"_monsterinsights_sitenote_note":"","_monsterinsights_sitenote_category":0,"footnotes":""},"class_list":["post-39","page","type-page","status-publish","hentry"],"_links":{"self":[{"href":"https:\/\/viki.is\/index.php\/wp-json\/wp\/v2\/pages\/39","targetHints":{"allow":["GET"]}}],"collection":[{"href":"https:\/\/viki.is\/index.php\/wp-json\/wp\/v2\/pages"}],"about":[{"href":"https:\/\/viki.is\/index.php\/wp-json\/wp\/v2\/types\/page"}],"author":[{"embeddable":true,"href":"https:\/\/viki.is\/index.php\/wp-json\/wp\/v2\/users\/2"}],"replies":[{"embeddable":true,"href":"https:\/\/viki.is\/index.php\/wp-json\/wp\/v2\/comments?post=39"}],"version-history":[{"count":77,"href":"https:\/\/viki.is\/index.php\/wp-json\/wp\/v2\/pages\/39\/revisions"}],"predecessor-version":[{"id":197,"href":"https:\/\/viki.is\/index.php\/wp-json\/wp\/v2\/pages\/39\/revisions\/197"}],"wp:attachment":[{"href":"https:\/\/viki.is\/index.php\/wp-json\/wp\/v2\/media?parent=39"}],"curies":[{"name":"wp","href":"https:\/\/api.w.org\/{rel}","templated":true}]}}